{"id":11,"date":"2022-06-12T12:41:49","date_gmt":"2022-06-12T12:41:49","guid":{"rendered":"https:\/\/ammerkeramik.de\/de\/page\/de\/ellen-reinhardt\/"},"modified":"2022-06-25T01:57:31","modified_gmt":"2022-06-24T23:57:31","slug":"ellen-reinhardt","status":"publish","type":"page","link":"https:\/\/ammerkeramik.de\/de\/ellen-reinhardt\/","title":{"rendered":"Ellen Reinhardt"},"content":{"rendered":"\n<div class=\"wp-container-3 wp-block-columns\">\n<div class=\"wp-container-1 wp-block-column\">\n<h1>Ellen Reinhardt<\/h1>\n\n\n\n<ul><li>geboren 1970 in Vaihingen\/Enz<\/li><li>1993-1996 Ausbildung zur Keramikerin<\/li><li>1996 Gesellenpr\u00fcfung<\/li><li>1999-2000 Keramikmeisterschule in Stuttgart<\/li><li>2000 Meisterpr\u00fcfung<\/li><li>seit 2000 eigene Werkstatt in T\u00fcbingen<\/li><li>seit 2001 Laden in der Ammergasse 24,T\u00dc<\/li><li>seit 2006 Laden in der Ammergasse 21,T\u00dc<\/li><\/ul>\n<\/div>\n\n\n\n<div class=\"wp-container-2 wp-block-column\">\n<figure class=\"wp-block-image alignright size-full is-resized\"><img loading=\"lazy\" src=\"https:\/\/ammerkeramik.de\/de\/wp-content\/uploads\/sites\/4\/2022\/06\/pud_01_big-1.jpg\" alt=\"\" class=\"wp-image-358\" width=\"373\" height=\"560\"\/><\/figure>\n<\/div>\n<\/div>\n","protected":false},"excerpt":{"rendered":"<p>Ellen Reinhardt geboren 1970 in Vaihingen\/Enz 1993-1996 Ausbildung zur Keramikerin 1996 Gesellenpr\u00fcfung 1999-2000 Keramikmeisterschule in Stuttgart 2000 Meisterpr\u00fcfung seit 2000 eigene Werkstatt in T\u00fcbingen seit 2001 Laden in der Ammergasse 24,T\u00dc seit 2006 Laden in der Ammergasse 21,T\u00dc<\/p>\n","protected":false},"author":1,"featured_media":353,"parent":0,"menu_order":0,"comment_status":"closed","ping_status":"closed","template":"","meta":{"site-sidebar-layout":"default","site-content-layout":"default","ast-global-header-display":"","ast-main-header-display":"","ast-hfb-above-header-display":"","ast-hfb-below-header-display":"","ast-hfb-mobile-header-display":"","site-post-title":"disabled","ast-breadcrumbs-content":"","ast-featured-img":"","footer-sml-layout":"","theme-transparent-header-meta":"default","adv-header-id-meta":"","stick-header-meta":"","header-above-stick-meta":"","header-main-stick-meta":"","header-below-stick-meta":""},"_links":{"self":[{"href":"https:\/\/ammerkeramik.de\/de\/wp-json\/wp\/v2\/pages\/11"}],"collection":[{"href":"https:\/\/ammerkeramik.de\/de\/wp-json\/wp\/v2\/pages"}],"about":[{"href":"https:\/\/ammerkeramik.de\/de\/wp-json\/wp\/v2\/types\/page"}],"author":[{"embeddable":true,"href":"https:\/\/ammerkeramik.de\/de\/wp-json\/wp\/v2\/users\/1"}],"replies":[{"embeddable":true,"href":"https:\/\/ammerkeramik.de\/de\/wp-json\/wp\/v2\/comments?post=11"}],"version-history":[{"count":5,"href":"https:\/\/ammerkeramik.de\/de\/wp-json\/wp\/v2\/pages\/11\/revisions"}],"predecessor-version":[{"id":423,"href":"https:\/\/ammerkeramik.de\/de\/wp-json\/wp\/v2\/pages\/11\/revisions\/423"}],"wp:featuredmedia":[{"embeddable":true,"href":"https:\/\/ammerkeramik.de\/de\/wp-json\/wp\/v2\/media\/353"}],"wp:attachment":[{"href":"https:\/\/ammerkeramik.de\/de\/wp-json\/wp\/v2\/media?parent=11"}],"curies":[{"name":"wp","href":"https:\/\/api.w.org\/{rel}","templated":true}]}}