{"id":19,"date":"2022-06-12T12:41:49","date_gmt":"2022-06-12T12:41:49","guid":{"rendered":"https:\/\/ammerkeramik.de\/de\/page\/de\/home\/"},"modified":"2026-02-15T20:18:29","modified_gmt":"2026-02-15T19:18:29","slug":"start","status":"publish","type":"page","link":"https:\/\/ammerkeramik.de\/de\/","title":{"rendered":"Startseite"},"content":{"rendered":"\n<h1>Herzlich willkommen<\/h1>\n\n\n\n<p>Die T\u00fcbinger T\u00f6pferei Ammerkeramik, direkt am kleinen Ammerkanal gelegen, bietet dem Besucher ein ganz besonderes Erlebnis. \u00dcber eine kleine Br\u00fccke erreicht man das Keramikgesch\u00e4ft, das zugleich Laden und Werkstatt ist.<\/p>\n\n\n\n<p>Schauen Sie uns bei der Arbeit zu!<\/p>\n\n\n\n<p>Von der Espressotasse bis zur Bodenvase, von rechteckigen Schalen im Japan-Stil bis zum kompletten Speise-Service finden Sie hier feine handgemachte Keramik in Steinzeug-Qualit\u00e4t. Auf Bestellung fertigen wir T\u00fcrschilder, Kindergeschirr mit Namen, Taufteller und gerne auch ganz nach Ihren individuellen W\u00fcnschen.<\/p>\n\n\n\n<p class=\"has-vivid-red-color has-text-color\"><\/p>\n\n\n\n<p><\/p>\n\n\n\n<p><\/p>\n","protected":false},"excerpt":{"rendered":"<p>Herzlich willkommen Die T\u00fcbinger T\u00f6pferei Ammerkeramik, direkt am kleinen Ammerkanal gelegen, bietet dem Besucher ein ganz besonderes Erlebnis. \u00dcber eine kleine Br\u00fccke erreicht man das Keramikgesch\u00e4ft, das zugleich Laden und Werkstatt ist. Schauen Sie uns bei der Arbeit zu! Von der Espressotasse bis zur Bodenvase, von rechteckigen Schalen im Japan-Stil bis zum kompletten Speise-Service finden &hellip;<\/p>\n<p class=\"read-more\"> <a class=\"\" href=\"https:\/\/ammerkeramik.de\/de\/\"> <span class=\"screen-reader-text\">Startseite<\/span> Weiterlesen &raquo;<\/a><\/p>\n","protected":false},"author":1,"featured_media":0,"parent":0,"menu_order":0,"comment_status":"closed","ping_status":"closed","template":"","meta":{"site-sidebar-layout":"default","site-content-layout":"default","ast-global-header-display":"","ast-main-header-display":"","ast-hfb-above-header-display":"","ast-hfb-below-header-display":"","ast-hfb-mobile-header-display":"","site-post-title":"disabled","ast-breadcrumbs-content":"","ast-featured-img":"","footer-sml-layout":"","theme-transparent-header-meta":"default","adv-header-id-meta":"","stick-header-meta":"","header-above-stick-meta":"","header-main-stick-meta":"","header-below-stick-meta":""},"_links":{"self":[{"href":"https:\/\/ammerkeramik.de\/de\/wp-json\/wp\/v2\/pages\/19"}],"collection":[{"href":"https:\/\/ammerkeramik.de\/de\/wp-json\/wp\/v2\/pages"}],"about":[{"href":"https:\/\/ammerkeramik.de\/de\/wp-json\/wp\/v2\/types\/page"}],"author":[{"embeddable":true,"href":"https:\/\/ammerkeramik.de\/de\/wp-json\/wp\/v2\/users\/1"}],"replies":[{"embeddable":true,"href":"https:\/\/ammerkeramik.de\/de\/wp-json\/wp\/v2\/comments?post=19"}],"version-history":[{"count":31,"href":"https:\/\/ammerkeramik.de\/de\/wp-json\/wp\/v2\/pages\/19\/revisions"}],"predecessor-version":[{"id":1026,"href":"https:\/\/ammerkeramik.de\/de\/wp-json\/wp\/v2\/pages\/19\/revisions\/1026"}],"wp:attachment":[{"href":"https:\/\/ammerkeramik.de\/de\/wp-json\/wp\/v2\/media?parent=19"}],"curies":[{"name":"wp","href":"https:\/\/api.w.org\/{rel}","templated":true}]}}