{"id":29,"date":"2022-06-12T12:41:50","date_gmt":"2022-06-12T12:41:50","guid":{"rendered":"https:\/\/ammerkeramik.de\/de\/page\/de\/kontakt\/"},"modified":"2025-12-31T16:15:54","modified_gmt":"2025-12-31T15:15:54","slug":"reutlinger-essschalchen","status":"publish","type":"page","link":"https:\/\/ammerkeramik.de\/de\/reutlinger-essschalchen\/","title":{"rendered":"Das Reutlinger Esssch\u00e4lchen"},"content":{"rendered":"\n<h1>Das Reutlinger Esssch\u00e4lchen <\/h1>\n\n\n\n<div class=\"wp-container-3 wp-block-columns\">\n<div class=\"wp-container-1 wp-block-column\" style=\"flex-basis:66.66%\">\n<p>H\u00f6he ca. 4,5 cm,<br>ca. \u00d8 13 cm<\/p>\n\n\n\n<p>Dieses Sch\u00e4lchen unterst\u00fctzt Kleinkinder optimal beim Erlernen des selbst\u00e4ndigen Essens und ist bestens geeignet f\u00fcr Kinderkrippen, aber auch f\u00fcr das Essen zu Hause.<br>In Zusammenarbeit mit der Abteilung Kindertagesbetreuung der Stadt Reutlingen hat die T\u00f6pferei Edwin Bernhart vor \u00fcber 10 Jahren das Reutlinger Esssch\u00e4lchen entwickelt. Seit 2023 haben wir nun mit der Ammerkeramik die Produktion \u00fcbernommen.<br>Unsere Keramik ist gefertigt f\u00fcr den t\u00e4glichen Gebrauch, kann im Backofen und in der Mikrowelle eingesetzt und bedenkenlos in der Sp\u00fclmaschine gereinigt werden.<br>Der Preis f\u00fcr soziale Institutionen, wie Kitas, Krabbelgruppen, Tagesm\u00fctter betr\u00e4gt 12,-\u20ac netto + 19 % MwSt. pro St\u00fcck, zzgl. Porto und Verpackung.<br>Einzelverkauf: 17,50 \u20ac inkl. MwSt. ab Werkstatt T\u00fcbingen.<br>Wir versenden per Paketdienst auf Rechnung. Versand ab einem Warenwert von 50,- brutto.<\/p>\n<\/div>\n\n\n\n<div class=\"wp-container-2 wp-block-column\" style=\"flex-basis:33.33%\">\n<figure class=\"wp-block-image size-full\"><img loading=\"lazy\" width=\"351\" height=\"265\" src=\"https:\/\/ammerkeramik.de\/de\/wp-content\/uploads\/sites\/4\/2022\/06\/ReutlingerEssschaelchen1.png\" alt=\"\" class=\"wp-image-586\" srcset=\"https:\/\/ammerkeramik.de\/de\/wp-content\/uploads\/sites\/4\/2022\/06\/ReutlingerEssschaelchen1.png 351w, https:\/\/ammerkeramik.de\/de\/wp-content\/uploads\/sites\/4\/2022\/06\/ReutlingerEssschaelchen1-300x226.png 300w\" sizes=\"(max-width: 351px) 100vw, 351px\" \/><\/figure>\n<\/div>\n<\/div>\n\n\n\n<div class=\"wp-container-4 wp-block-buttons\">\n<div class=\"wp-block-button\"><a class=\"wp-block-button__link\" href=\"mailto:bestellung@ammerkeramik.de?subject=Bestellung%20Reutlinger%20Esssch%C3%A4lchen&amp;body=Liebe%20Ammerkeramik%2C%0A%0AIch%20m%C3%B6chte%20folgende%20Esssch%C3%A4lchen%20bestellen%3A%0A%0A...%20mal%20Das%20Reutlinger%20Esssch%C3%A4lchen%20H%C3%B6he%20zirka%204%2C5%20cm%2C%20%C3%98%2013%20cm%0A%0A...%20mal%20Modell%20Esssch%C3%A4lchen%20gro%C3%9F%20Abgerundeter%20Rand%2C%20gr%C3%B6%C3%9Fere%20ebene%20Innenfl%C3%A4che, H%C3%B6he%20zirka%205%20cm%2C%20%C3%98%2016%20cm%0A%0A...%20mal%20Modell%20schr%C3%A4ger%20Rand%2C%20H%C3%B6he%20zirka%204%20cm%2C%20%C3%98%2018%20cm%0A%0A...%20mal%20Flache%20Teller%20%C3%98%2015%20cm%0A%0A...%20mal%20Flache%20Teller%20%C3%98%2016%2C5%20cm%0A%0A...%20mal%20Flache%20Teller%20%C3%98%2019%20cm%0A%0A%0ARechnungsadresse%3A%0AName%3A%0AStrasse%3A%0APLZ%20%2F%20Ort%3A%0ATelefonnr.%3A%0AEmail%3A%0A%0ALieferadresse%20(nichts%20eintragen%20wenn%20diese%20der%20Rechnungsadresse%20entspricht)%0AName%3A%0AStrasse%3A%0APLZ%20%2F%20Ort%3A%0A%0ASonstige%20Anmerkungen%3A%20\">Bestellung per Email<\/a><\/div>\n<\/div>\n\n\n\n<div class=\"wp-container-6 wp-block-columns\">\n<div class=\"wp-container-5 wp-block-column\">\n<p><\/p>\n\n\n\n<h2><strong>Die Idee<\/strong><\/h2>\n\n\n\n<p>Bei der Beobachtung von jungen Kindern beim Erlernen des selbst\u00e4ndigen Essens haben wir festgestellt, dass die g\u00e4ngigen Sch\u00fcsselchen und Teller die Kinder dabei nicht optimal unterst\u00fctzen.<\/p>\n\n\n\n<p>Nachdem die Kinder das Essen auf den L\u00f6ffel gebracht haben, schieben sie es am Rand des Sch\u00e4lchens nach oben. Da der Rand des Sch\u00e4lchens sich in der Regel nach au\u00dfen w\u00f6lbt, rutschen sie mit dem L\u00f6ffel ab und das Essen f\u00e4llt h\u00e4ufig neben den Teller.<\/p>\n\n\n\n<p>Die Lust am Selberessen, das Erleben von Selbstwirksamkeit wird eingeschr\u00e4nkt. Gepaart mit Hunger entsteht im Alltag einer Kindertageseinrichtung eine Stresssituation f\u00fcr das Kind, Erzieherinnen und die Gruppe.<\/p>\n\n\n\n<h2><strong>Die Besonderheiten des Reutlinger Esssch\u00e4lchens<\/strong><\/h2>\n\n\n\n<ul><li>Der Rand des Sch\u00e4lchens ist nach innen gerichtet. Schieben die Kinder den L\u00f6ffel mit dem Essen am Rand entlang, bleibt das Essen nun auf dem L\u00f6ffel.<\/li><li>Der Rand ist so gestaltet, dass bei der Reinigung die Reste nicht h\u00e4ngenbleiben.<\/li><li>Durch die Gr\u00f6\u00dfe des Sch\u00e4lchens wird die Menge des Essens begrenzt. Die Kinder k\u00f6nnen sich dadurch nicht zu viel in ihr Sch\u00e4lchen sch\u00f6pfen.<\/li><li>Durch die wei\u00dfe Farbe des Sch\u00e4lchens nehmen die Kinder die nat\u00fcrliche Farbe des Essens wahr.<\/li><li>Die Sch\u00e4lchen sind lebensmittelecht und Sp\u00fclmaschinenfest.<\/li><\/ul>\n<\/div>\n<\/div>\n\n\n\n<p><\/p>\n\n\n\n<div class=\"wp-container-8 wp-block-columns\">\n<div class=\"wp-container-7 wp-block-column\" style=\"flex-basis:100%\">\n<h2><strong>\u00dcbergangsteller<\/strong><\/h2>\n\n\n\n<p>Wenn der Hunger gr\u00f6\u00dfer wird und das Essen mit Messer und Gabel erlernt werden soll, l\u00f6st der \u00dcbergangsteller das Esssch\u00e4lchen ab.<\/p>\n\n\n\n<ul><li>Die Mahlzeiten k\u00f6nnen in getrennten Komponenten gereicht werden.<\/li><li>Eine gr\u00f6\u00dfere ebene Grundfl\u00e4che bietet Platz zum Schneiden.<\/li><li>Die Teller sind ideal f\u00fcr Kinder ab zirka 2 Jahren.<\/li><li>Die Teller sind sp\u00fclmaschinenfest, kratzfest und nat\u00fcrlich haben sie eine sch\u00f6ne Form,<\/li><li>die das Essen f\u00fcr die Kinder zum Genu\u00df macht.<\/li><\/ul>\n\n\n\n<p><\/p>\n<\/div>\n<\/div>\n\n\n\n<div class=\"wp-container-11 wp-block-columns\">\n<div class=\"wp-container-9 wp-block-column\" style=\"flex-basis:66.66%\">\n<h2><strong>1. Modell Esssch\u00e4lchen gro\u00df<\/strong><\/h2>\n\n\n\n<p>Abgerundeter Rand, gr\u00f6\u00dfere ebene Innenfl\u00e4che<br>H\u00f6he zirka 5 cm, \u00d8 16 cm<br>14,50 \u20ac netto zzgl. 19% MWSt., zzgl. Porto und Verpackung<br>f\u00fcr soziale Einrichtungen.<br>Einzelverkauf 21,- \u20ac brutto zzgl. Porto und Verpackung<\/p>\n\n\n\n<p> Versand ab einem Warenwert von 50,- brutto<\/p>\n\n\n\n<p><\/p>\n<\/div>\n\n\n\n<div class=\"wp-container-10 wp-block-column\" style=\"flex-basis:33.33%\">\n<figure class=\"wp-block-image size-large\"><img loading=\"lazy\" width=\"1024\" height=\"768\" src=\"https:\/\/ammerkeramik.de\/de\/wp-content\/uploads\/sites\/4\/2022\/06\/UebergangstellerEssschaelchen-1024x768.jpg\" alt=\"\" class=\"wp-image-587\" srcset=\"https:\/\/ammerkeramik.de\/de\/wp-content\/uploads\/sites\/4\/2022\/06\/UebergangstellerEssschaelchen-1024x768.jpg 1024w, https:\/\/ammerkeramik.de\/de\/wp-content\/uploads\/sites\/4\/2022\/06\/UebergangstellerEssschaelchen-300x225.jpg 300w, https:\/\/ammerkeramik.de\/de\/wp-content\/uploads\/sites\/4\/2022\/06\/UebergangstellerEssschaelchen-768x576.jpg 768w, https:\/\/ammerkeramik.de\/de\/wp-content\/uploads\/sites\/4\/2022\/06\/UebergangstellerEssschaelchen.jpg 1110w\" sizes=\"(max-width: 1024px) 100vw, 1024px\" \/><\/figure>\n<\/div>\n<\/div>\n\n\n\n<div class=\"wp-container-14 wp-block-columns\">\n<div class=\"wp-container-12 wp-block-column\" style=\"flex-basis:66.89%\">\n<h2><strong>2.<\/strong> <strong>Modell schr\u00e4ger Rand<\/strong><\/h2>\n\n\n\n<p>H\u00f6he zirka 4 cm, \u00d8 18 cm<br>14,50 \u20ac netto, zzgl. Porto und Verpackung<br>f\u00fcr soziale Einrichtungen<br>Einzelverkauf 21.- \u20ac brutto zzgl. Porto und Verpackung<\/p>\n\n\n\n<p>Versand ab einem Warenwert von 50,- brutto<\/p>\n<\/div>\n\n\n\n<div class=\"wp-container-13 wp-block-column\" style=\"flex-basis:33.11%\">\n<figure class=\"wp-block-image size-large\"><img loading=\"lazy\" width=\"1024\" height=\"768\" src=\"https:\/\/ammerkeramik.de\/de\/wp-content\/uploads\/sites\/4\/2022\/06\/UebergangstellerSchraegerRand-1024x768.jpg\" alt=\"\" class=\"wp-image-588\" srcset=\"https:\/\/ammerkeramik.de\/de\/wp-content\/uploads\/sites\/4\/2022\/06\/UebergangstellerSchraegerRand-1024x768.jpg 1024w, https:\/\/ammerkeramik.de\/de\/wp-content\/uploads\/sites\/4\/2022\/06\/UebergangstellerSchraegerRand-300x225.jpg 300w, https:\/\/ammerkeramik.de\/de\/wp-content\/uploads\/sites\/4\/2022\/06\/UebergangstellerSchraegerRand-768x576.jpg 768w, https:\/\/ammerkeramik.de\/de\/wp-content\/uploads\/sites\/4\/2022\/06\/UebergangstellerSchraegerRand.jpg 1074w\" sizes=\"(max-width: 1024px) 100vw, 1024px\" \/><\/figure>\n<\/div>\n<\/div>\n\n\n\n<div class=\"wp-container-17 wp-block-columns\">\n<div class=\"wp-container-15 wp-block-column\" style=\"flex-basis:66.66%\">\n<h2><strong>Flache Teller<\/strong><\/h2>\n\n\n\n<p>\u00d8 15 cm 10,50 \u20ac netto\/ Einzelverkauf: 15,- brutto<br>\u00d8 16,5 cm 12,- \u20ac  netto\/ Einzelverkauf: 16,- brutto<br>\u00d8 19 cm 15.- \u20ac netto \/ Einzelverkauf: 21,- brutto<\/p>\n\n\n\n<p><\/p>\n\n\n\n<p><\/p>\n\n\n\n<p><\/p>\n\n\n\n<p>Andere Gr\u00f6\u00dfen sind m\u00f6glich.<br>Alle Preise netto +19 % MwSt., zzgl. Porto und Verpackung<\/p>\n\n\n\n<p>Versand ab einem Warenwert von 50,- brutto<\/p>\n\n\n\n<p class=\"has-luminous-vivid-orange-color has-text-color\"><strong>F\u00fcr individualisiertes Kindergeschirr schauen Sie bitte unter der Rubrik &#8222;Kindergeschirr&#8220;!<\/strong><\/p>\n<\/div>\n\n\n\n<div class=\"wp-container-16 wp-block-column\" style=\"flex-basis:33.33%\">\n<figure class=\"wp-block-image size-full\"><img loading=\"lazy\" width=\"897\" height=\"673\" src=\"https:\/\/ammerkeramik.de\/de\/wp-content\/uploads\/sites\/4\/2022\/06\/FlacheTeller.jpg\" alt=\"\" class=\"wp-image-589\" srcset=\"https:\/\/ammerkeramik.de\/de\/wp-content\/uploads\/sites\/4\/2022\/06\/FlacheTeller.jpg 897w, https:\/\/ammerkeramik.de\/de\/wp-content\/uploads\/sites\/4\/2022\/06\/FlacheTeller-300x225.jpg 300w, https:\/\/ammerkeramik.de\/de\/wp-content\/uploads\/sites\/4\/2022\/06\/FlacheTeller-768x576.jpg 768w\" sizes=\"(max-width: 897px) 100vw, 897px\" \/><\/figure>\n<\/div>\n<\/div>\n\n\n\n<div class=\"wp-container-18 wp-block-buttons\">\n<div class=\"wp-block-button\"><a class=\"wp-block-button__link\" href=\"mailto:bestellung@ammerkeramik.de?subject=Bestellung%20Reutlinger%20Esssch%C3%A4lchen&amp;body=Liebe%20Ammerkeramik%2C%0A%0AIch%20m%C3%B6chte%20folgende%20Esssch%C3%A4lchen%20bestellen%3A%0A%0A...%20mal%20Das%20Reutlinger%20Esssch%C3%A4lchen%20H%C3%B6he%20zirka%204%2C5%20cm%2C%20%C3%98%2013%20cm%0A%0A...%20mal%20Modell%20Esssch%C3%A4lchen%20gro%C3%9F%20Abgerundeter%20Rand%2C%20gr%C3%B6%C3%9Fere%20ebene%20Innenfl%C3%A4che, H%C3%B6he%20zirka%205%20cm%2C%20%C3%98%2016%20cm%0A%0A...%20mal%20Modell%20schr%C3%A4ger%20Rand%2C%20H%C3%B6he%20zirka%204%20cm%2C%20%C3%98%2018%20cm%0A%0A...%20mal%20Flache%20Teller%20%C3%98%2015%20cm%0A%0A...%20mal%20Flache%20Teller%20%C3%98%2016%2C5%20cm%0A%0A...%20mal%20Flache%20Teller%20%C3%98%2019%20cm%0A%0A%0ARechnungsadresse%3A%0AName%3A%0AStrasse%3A%0APLZ%20%2F%20Ort%3A%0ATelefonnr.%3A%0AEmail%3A%0A%0ALieferadresse%20(nichts%20eintragen%20wenn%20diese%20der%20Rechnungsadresse%20entspricht)%0AName%3A%0AStrasse%3A%0APLZ%20%2F%20Ort%3A%0A%0ASonstige%20Anmerkungen%3A%20\">Bestellung per Email<\/a><\/div>\n<\/div>\n","protected":false},"excerpt":{"rendered":"<p>Das Reutlinger Esssch\u00e4lchen H\u00f6he ca. 4,5 cm,ca. \u00d8 13 cm Dieses Sch\u00e4lchen unterst\u00fctzt Kleinkinder optimal beim Erlernen des selbst\u00e4ndigen Essens und ist bestens geeignet f\u00fcr Kinderkrippen, aber auch f\u00fcr das Essen zu Hause.In Zusammenarbeit mit der Abteilung Kindertagesbetreuung der Stadt Reutlingen hat die T\u00f6pferei Edwin Bernhart vor \u00fcber 10 Jahren das Reutlinger Esssch\u00e4lchen entwickelt. Seit &hellip;<\/p>\n<p class=\"read-more\"> <a class=\"\" href=\"https:\/\/ammerkeramik.de\/de\/reutlinger-essschalchen\/\"> <span class=\"screen-reader-text\">Das Reutlinger Esssch\u00e4lchen<\/span> Weiterlesen &raquo;<\/a><\/p>\n","protected":false},"author":1,"featured_media":355,"parent":0,"menu_order":0,"comment_status":"closed","ping_status":"closed","template":"","meta":{"site-sidebar-layout":"default","site-content-layout":"default","ast-global-header-display":"","ast-main-header-display":"","ast-hfb-above-header-display":"","ast-hfb-below-header-display":"","ast-hfb-mobile-header-display":"","site-post-title":"disabled","ast-breadcrumbs-content":"","ast-featured-img":"","footer-sml-layout":"","theme-transparent-header-meta":"default","adv-header-id-meta":"","stick-header-meta":"","header-above-stick-meta":"","header-main-stick-meta":"","header-below-stick-meta":""},"_links":{"self":[{"href":"https:\/\/ammerkeramik.de\/de\/wp-json\/wp\/v2\/pages\/29"}],"collection":[{"href":"https:\/\/ammerkeramik.de\/de\/wp-json\/wp\/v2\/pages"}],"about":[{"href":"https:\/\/ammerkeramik.de\/de\/wp-json\/wp\/v2\/types\/page"}],"author":[{"embeddable":true,"href":"https:\/\/ammerkeramik.de\/de\/wp-json\/wp\/v2\/users\/1"}],"replies":[{"embeddable":true,"href":"https:\/\/ammerkeramik.de\/de\/wp-json\/wp\/v2\/comments?post=29"}],"version-history":[{"count":34,"href":"https:\/\/ammerkeramik.de\/de\/wp-json\/wp\/v2\/pages\/29\/revisions"}],"predecessor-version":[{"id":1019,"href":"https:\/\/ammerkeramik.de\/de\/wp-json\/wp\/v2\/pages\/29\/revisions\/1019"}],"wp:featuredmedia":[{"embeddable":true,"href":"https:\/\/ammerkeramik.de\/de\/wp-json\/wp\/v2\/media\/355"}],"wp:attachment":[{"href":"https:\/\/ammerkeramik.de\/de\/wp-json\/wp\/v2\/media?parent=29"}],"curies":[{"name":"wp","href":"https:\/\/api.w.org\/{rel}","templated":true}]}}