{"id":33,"date":"2022-06-12T12:41:49","date_gmt":"2022-06-12T12:41:49","guid":{"rendered":"https:\/\/ammerkeramik.de\/de\/page\/de\/termine\/"},"modified":"2026-02-15T20:25:48","modified_gmt":"2026-02-15T19:25:48","slug":"termine","status":"publish","type":"page","link":"https:\/\/ammerkeramik.de\/de\/termine\/","title":{"rendered":"Termine"},"content":{"rendered":"\n<div class=\"wp-container-3 wp-block-columns\">\n<div class=\"wp-container-1 wp-block-column\">\n<h1 class=\"has-text-align-left\">Termine 2026<\/h1>\n\n\n\n<p><b>14.\/15.03.<\/b><br>Tag der offenen T\u00f6pferei. S. unter Info<\/p>\n\n\n\n<p><b>25.\/26.04.<\/b><br>T\u00f6pfermarkt in Urbach<\/p>\n\n\n\n<p><b>20.\/21.06.<\/b><br>T\u00f6pfermarkt in Darmsheim<\/p>\n\n\n\n<p><b>20.09.<\/b><br>Verkaufsoffener Sonntag<\/p>\n\n\n\n<p><b>28.11.<\/b><br>Er\u00f6ffnung Weihnachtsausstellung im Laden. S. Info<\/p>\n\n\n\n<p><b>11.-13.12.<\/b><br>Weihnachtsmarkt T\u00fcbingen<\/p>\n<\/div>\n\n\n\n<div class=\"wp-container-2 wp-block-column\">\n<figure class=\"wp-block-image size-full\"><img loading=\"lazy\" width=\"400\" height=\"266\" src=\"https:\/\/ammerkeramik.de\/de\/wp-content\/uploads\/sites\/4\/2022\/06\/pud_01.jpg\" alt=\"\" class=\"wp-image-789\" srcset=\"https:\/\/ammerkeramik.de\/de\/wp-content\/uploads\/sites\/4\/2022\/06\/pud_01.jpg 400w, https:\/\/ammerkeramik.de\/de\/wp-content\/uploads\/sites\/4\/2022\/06\/pud_01-300x200.jpg 300w\" sizes=\"(max-width: 400px) 100vw, 400px\" \/><\/figure>\n\n\n\n<figure class=\"wp-block-image size-full\"><img loading=\"lazy\" width=\"826\" height=\"619\" src=\"https:\/\/ammerkeramik.de\/de\/wp-content\/uploads\/sites\/4\/2025\/02\/Darmsheim-kl.-2.png\" alt=\"\" class=\"wp-image-958\" srcset=\"https:\/\/ammerkeramik.de\/de\/wp-content\/uploads\/sites\/4\/2025\/02\/Darmsheim-kl.-2.png 826w, https:\/\/ammerkeramik.de\/de\/wp-content\/uploads\/sites\/4\/2025\/02\/Darmsheim-kl.-2-300x225.png 300w, https:\/\/ammerkeramik.de\/de\/wp-content\/uploads\/sites\/4\/2025\/02\/Darmsheim-kl.-2-768x576.png 768w\" sizes=\"(max-width: 826px) 100vw, 826px\" \/><\/figure>\n<\/div>\n<\/div>\n","protected":false},"excerpt":{"rendered":"<p>Termine 2026 14.\/15.03.Tag der offenen T\u00f6pferei. S. unter Info 25.\/26.04.T\u00f6pfermarkt in Urbach 20.\/21.06.T\u00f6pfermarkt in Darmsheim 20.09.Verkaufsoffener Sonntag 28.11.Er\u00f6ffnung Weihnachtsausstellung im Laden. S. Info 11.-13.12.Weihnachtsmarkt T\u00fcbingen<\/p>\n","protected":false},"author":1,"featured_media":356,"parent":0,"menu_order":0,"comment_status":"closed","ping_status":"closed","template":"","meta":{"site-sidebar-layout":"default","site-content-layout":"default","ast-global-header-display":"","ast-main-header-display":"","ast-hfb-above-header-display":"","ast-hfb-below-header-display":"","ast-hfb-mobile-header-display":"","site-post-title":"disabled","ast-breadcrumbs-content":"","ast-featured-img":"","footer-sml-layout":"","theme-transparent-header-meta":"default","adv-header-id-meta":"","stick-header-meta":"","header-above-stick-meta":"","header-main-stick-meta":"","header-below-stick-meta":""},"_links":{"self":[{"href":"https:\/\/ammerkeramik.de\/de\/wp-json\/wp\/v2\/pages\/33"}],"collection":[{"href":"https:\/\/ammerkeramik.de\/de\/wp-json\/wp\/v2\/pages"}],"about":[{"href":"https:\/\/ammerkeramik.de\/de\/wp-json\/wp\/v2\/types\/page"}],"author":[{"embeddable":true,"href":"https:\/\/ammerkeramik.de\/de\/wp-json\/wp\/v2\/users\/1"}],"replies":[{"embeddable":true,"href":"https:\/\/ammerkeramik.de\/de\/wp-json\/wp\/v2\/comments?post=33"}],"version-history":[{"count":12,"href":"https:\/\/ammerkeramik.de\/de\/wp-json\/wp\/v2\/pages\/33\/revisions"}],"predecessor-version":[{"id":1030,"href":"https:\/\/ammerkeramik.de\/de\/wp-json\/wp\/v2\/pages\/33\/revisions\/1030"}],"wp:featuredmedia":[{"embeddable":true,"href":"https:\/\/ammerkeramik.de\/de\/wp-json\/wp\/v2\/media\/356"}],"wp:attachment":[{"href":"https:\/\/ammerkeramik.de\/de\/wp-json\/wp\/v2\/media?parent=33"}],"curies":[{"name":"wp","href":"https:\/\/api.w.org\/{rel}","templated":true}]}}