{"id":35,"date":"2022-06-12T12:41:49","date_gmt":"2022-06-12T12:41:49","guid":{"rendered":"https:\/\/ammerkeramik.de\/de\/page\/de\/toepferei\/"},"modified":"2026-02-28T19:34:40","modified_gmt":"2026-02-28T18:34:40","slug":"toepferei","status":"publish","type":"page","link":"https:\/\/ammerkeramik.de\/de\/toepferei\/","title":{"rendered":"Tag der offenen T\u00f6pferei"},"content":{"rendered":"\n<div class=\"wp-container-3 wp-block-columns\">\n<div class=\"wp-container-1 wp-block-column\" style=\"flex-basis:66.66%\">\n<h1>Tag der offenen T\u00f6pferei 2026<\/h1>\n\n\n\n<p>Am bundesweiten Tag der offenen T\u00f6pferei \u00f6ffnen in Baden-W\u00fcrttemberg 62 Keramikerinnen und Keramiker die T\u00fcren ihrer Werkst\u00e4tten, Ateliers oder Studios am<\/p>\n\n\n\n<p><b>Samstag 14. M\u00e4rz 202<\/b><strong>6<\/strong><br><b>Sonntag 15. M\u00e4rz 202<\/b><strong>6<\/strong><br>jeweils von <b>10 &#8211; 18 Uhr<\/b><\/p>\n\n\n\n<p><br>Wir laden Sie ganz herzlich zu uns in die <b>ammerkeramik <\/b>ein!<\/p>\n\n\n\n<p><\/p>\n\n\n\n<p>Lassen Sie sich inspirieren von unserer Fr\u00fchlingsausstellung im Laden und schauen Sie sich in unserer Werkstatt um!<\/p>\n\n\n\n<p><\/p>\n\n\n\n<p><\/p>\n\n\n\n<p>Wir freuen uns auf Ihren Besuch!<\/p>\n<\/div>\n\n\n\n<div class=\"wp-container-2 wp-block-column\" style=\"flex-basis:33.33%\">\n<figure class=\"wp-block-image size-full\"><img loading=\"lazy\" width=\"499\" height=\"707\" src=\"https:\/\/ammerkeramik.de\/de\/wp-content\/uploads\/sites\/4\/2026\/02\/tdoT.jpg\" alt=\"\" class=\"wp-image-1042\" srcset=\"https:\/\/ammerkeramik.de\/de\/wp-content\/uploads\/sites\/4\/2026\/02\/tdoT.jpg 499w, https:\/\/ammerkeramik.de\/de\/wp-content\/uploads\/sites\/4\/2026\/02\/tdoT-212x300.jpg 212w\" sizes=\"(max-width: 499px) 100vw, 499px\" \/><\/figure>\n<\/div>\n<\/div>\n","protected":false},"excerpt":{"rendered":"<p>Tag der offenen T\u00f6pferei 2026 Am bundesweiten Tag der offenen T\u00f6pferei \u00f6ffnen in Baden-W\u00fcrttemberg 62 Keramikerinnen und Keramiker die T\u00fcren ihrer Werkst\u00e4tten, Ateliers oder Studios am Samstag 14. M\u00e4rz 2026Sonntag 15. M\u00e4rz 2026jeweils von 10 &#8211; 18 Uhr Wir laden Sie ganz herzlich zu uns in die ammerkeramik ein! Lassen Sie sich inspirieren von unserer &hellip;<\/p>\n<p class=\"read-more\"> <a class=\"\" href=\"https:\/\/ammerkeramik.de\/de\/toepferei\/\"> <span class=\"screen-reader-text\">Tag der offenen T\u00f6pferei<\/span> Weiterlesen &raquo;<\/a><\/p>\n","protected":false},"author":1,"featured_media":353,"parent":0,"menu_order":0,"comment_status":"closed","ping_status":"closed","template":"","meta":{"site-sidebar-layout":"default","site-content-layout":"default","ast-global-header-display":"","ast-main-header-display":"","ast-hfb-above-header-display":"","ast-hfb-below-header-display":"","ast-hfb-mobile-header-display":"","site-post-title":"disabled","ast-breadcrumbs-content":"","ast-featured-img":"","footer-sml-layout":"","theme-transparent-header-meta":"default","adv-header-id-meta":"","stick-header-meta":"","header-above-stick-meta":"","header-main-stick-meta":"","header-below-stick-meta":""},"_links":{"self":[{"href":"https:\/\/ammerkeramik.de\/de\/wp-json\/wp\/v2\/pages\/35"}],"collection":[{"href":"https:\/\/ammerkeramik.de\/de\/wp-json\/wp\/v2\/pages"}],"about":[{"href":"https:\/\/ammerkeramik.de\/de\/wp-json\/wp\/v2\/types\/page"}],"author":[{"embeddable":true,"href":"https:\/\/ammerkeramik.de\/de\/wp-json\/wp\/v2\/users\/1"}],"replies":[{"embeddable":true,"href":"https:\/\/ammerkeramik.de\/de\/wp-json\/wp\/v2\/comments?post=35"}],"version-history":[{"count":14,"href":"https:\/\/ammerkeramik.de\/de\/wp-json\/wp\/v2\/pages\/35\/revisions"}],"predecessor-version":[{"id":1044,"href":"https:\/\/ammerkeramik.de\/de\/wp-json\/wp\/v2\/pages\/35\/revisions\/1044"}],"wp:featuredmedia":[{"embeddable":true,"href":"https:\/\/ammerkeramik.de\/de\/wp-json\/wp\/v2\/media\/353"}],"wp:attachment":[{"href":"https:\/\/ammerkeramik.de\/de\/wp-json\/wp\/v2\/media?parent=35"}],"curies":[{"name":"wp","href":"https:\/\/api.w.org\/{rel}","templated":true}]}}